{"id":106,"date":"2026-02-19T18:27:41","date_gmt":"2026-02-19T17:27:41","guid":{"rendered":"http:\/\/88.99.26.106\/~drontens\/ny\/?page_id=106"},"modified":"2026-02-21T11:02:33","modified_gmt":"2026-02-21T10:02:33","slug":"en-glasig-mohippa-eller-fodelsedagspresent","status":"publish","type":"page","link":"https:\/\/dronten.se\/index.php\/en-glasig-mohippa-eller-fodelsedagspresent\/","title":{"rendered":"M\u00f6hippa med glas?"},"content":{"rendered":"\n<p>Upp till tolv personer kan f\u00e5 en trevlig upplevelse med glas i n\u00e5gra timmar. Uppl\u00e4gget kan vara som detta:<\/p>\n\n\n\n<p>Station 1; m\u00e5la och rita med glasf\u00e4rger p\u00e5 floatglasskivor d\u00e4r jag borrat h\u00e5l i h\u00f6rnen. Dessa skivor br\u00e4nns i k\u00f6ksugnen, s\u00e5 att de blir tavlor till brudparet\/jubilaren.<\/p>\n\n\n\n<p>Station 2; arbeta med frit, glaskross, i olika f\u00e4rger. Glaskrosset limmas p\u00e5 ett kompatibelt fusingglas och sedan br\u00e4nner jag skivorna i min glasugn. D\u00e4refter limmar jag p\u00e5 ljush\u00e5llare och alla f\u00e5r beh\u00e5lla sin egen ljuslykta. Brudparet\/jubilaren kan ju knappast ha anv\u00e4ndning f\u00f6r alla tolv ljuslyktorna!<\/p>\n\n\n\n<p>Station 3; klipp sj\u00e4lvh\u00e4ftande plast i olika m\u00f6nster som f\u00e4sts p\u00e5 vinglas (l\u00e4mpliga glas finns p\u00e5 IKEA). Dessa glas etsar jag sedan och d\u00e5 skyddas den plastkl\u00e4dda ytan fr\u00e5n kemikalierna och f\u00f6rblir transparent.<\/p>\n\n\n\n<p>Om ni tar med egen dryck och tilltugg s\u00e5 kostar detta uppl\u00e4gg 500:- per deltagare.<\/p>\n\n\n\n<figure class=\"wp-block-gallery has-nested-images columns-default is-cropped wp-block-gallery-1 is-layout-flex wp-block-gallery-is-layout-flex\">\n<figure class=\"wp-block-image size-large\"><img loading=\"lazy\" decoding=\"async\" width=\"1024\" height=\"768\" data-id=\"112\" src=\"https:\/\/dronten.se\/wp-content\/uploads\/2026\/02\/20220528_130439-2-1024x768.jpg\" alt=\"\" class=\"wp-image-112\" srcset=\"https:\/\/dronten.se\/wp-content\/uploads\/2026\/02\/20220528_130439-2-1024x768.jpg 1024w, https:\/\/dronten.se\/wp-content\/uploads\/2026\/02\/20220528_130439-2-300x225.jpg 300w, https:\/\/dronten.se\/wp-content\/uploads\/2026\/02\/20220528_130439-2-768x576.jpg 768w, https:\/\/dronten.se\/wp-content\/uploads\/2026\/02\/20220528_130439-2-1536x1152.jpg 1536w, https:\/\/dronten.se\/wp-content\/uploads\/2026\/02\/20220528_130439-2-2048x1536.jpg 2048w, https:\/\/dronten.se\/wp-content\/uploads\/2026\/02\/20220528_130439-2-850x638.jpg 850w\" sizes=\"auto, (max-width: 1024px) 100vw, 1024px\" \/><figcaption class=\"wp-element-caption\">Station 1<\/figcaption><\/figure>\n\n\n\n<figure class=\"wp-block-image size-large\"><img loading=\"lazy\" decoding=\"async\" width=\"1024\" height=\"768\" data-id=\"108\" src=\"https:\/\/dronten.se\/wp-content\/uploads\/2026\/02\/20220528_130445-1-1024x768.jpg\" alt=\"\" class=\"wp-image-108\" srcset=\"https:\/\/dronten.se\/wp-content\/uploads\/2026\/02\/20220528_130445-1-1024x768.jpg 1024w, https:\/\/dronten.se\/wp-content\/uploads\/2026\/02\/20220528_130445-1-300x225.jpg 300w, https:\/\/dronten.se\/wp-content\/uploads\/2026\/02\/20220528_130445-1-768x576.jpg 768w, https:\/\/dronten.se\/wp-content\/uploads\/2026\/02\/20220528_130445-1-1536x1152.jpg 1536w, https:\/\/dronten.se\/wp-content\/uploads\/2026\/02\/20220528_130445-1-2048x1536.jpg 2048w, https:\/\/dronten.se\/wp-content\/uploads\/2026\/02\/20220528_130445-1-850x638.jpg 850w\" sizes=\"auto, (max-width: 1024px) 100vw, 1024px\" \/><figcaption class=\"wp-element-caption\">Station 2<\/figcaption><\/figure>\n\n\n\n<figure class=\"wp-block-image size-large\"><img loading=\"lazy\" decoding=\"async\" width=\"1024\" height=\"768\" data-id=\"111\" src=\"https:\/\/dronten.se\/wp-content\/uploads\/2026\/02\/20220528_130452-1-1024x768.jpg\" alt=\"\" class=\"wp-image-111\" srcset=\"https:\/\/dronten.se\/wp-content\/uploads\/2026\/02\/20220528_130452-1-1024x768.jpg 1024w, https:\/\/dronten.se\/wp-content\/uploads\/2026\/02\/20220528_130452-1-300x225.jpg 300w, https:\/\/dronten.se\/wp-content\/uploads\/2026\/02\/20220528_130452-1-768x576.jpg 768w, https:\/\/dronten.se\/wp-content\/uploads\/2026\/02\/20220528_130452-1-1536x1152.jpg 1536w, https:\/\/dronten.se\/wp-content\/uploads\/2026\/02\/20220528_130452-1-2048x1536.jpg 2048w, https:\/\/dronten.se\/wp-content\/uploads\/2026\/02\/20220528_130452-1-850x638.jpg 850w\" sizes=\"auto, (max-width: 1024px) 100vw, 1024px\" \/><figcaption class=\"wp-element-caption\">Station 3<\/figcaption><\/figure>\n\n\n\n<figure class=\"wp-block-image size-large\"><img loading=\"lazy\" decoding=\"async\" width=\"768\" height=\"1024\" data-id=\"107\" src=\"https:\/\/dronten.se\/wp-content\/uploads\/2026\/02\/20220528_172940-1-768x1024.jpg\" alt=\"\" class=\"wp-image-107\" srcset=\"https:\/\/dronten.se\/wp-content\/uploads\/2026\/02\/20220528_172940-1-768x1024.jpg 768w, https:\/\/dronten.se\/wp-content\/uploads\/2026\/02\/20220528_172940-1-225x300.jpg 225w, https:\/\/dronten.se\/wp-content\/uploads\/2026\/02\/20220528_172940-1-1152x1536.jpg 1152w, https:\/\/dronten.se\/wp-content\/uploads\/2026\/02\/20220528_172940-1-1536x2048.jpg 1536w, https:\/\/dronten.se\/wp-content\/uploads\/2026\/02\/20220528_172940-1-300x400.jpg 300w, https:\/\/dronten.se\/wp-content\/uploads\/2026\/02\/20220528_172940-1-850x1133.jpg 850w, https:\/\/dronten.se\/wp-content\/uploads\/2026\/02\/20220528_172940-1-scaled.jpg 1920w\" sizes=\"auto, (max-width: 768px) 100vw, 768px\" \/><\/figure>\n\n\n\n<figure class=\"wp-block-image size-large\"><img loading=\"lazy\" decoding=\"async\" width=\"1024\" height=\"768\" data-id=\"109\" src=\"https:\/\/dronten.se\/wp-content\/uploads\/2026\/02\/20220528_175741-1-1024x768.jpg\" alt=\"\" class=\"wp-image-109\" srcset=\"https:\/\/dronten.se\/wp-content\/uploads\/2026\/02\/20220528_175741-1-1024x768.jpg 1024w, https:\/\/dronten.se\/wp-content\/uploads\/2026\/02\/20220528_175741-1-300x225.jpg 300w, https:\/\/dronten.se\/wp-content\/uploads\/2026\/02\/20220528_175741-1-768x576.jpg 768w, https:\/\/dronten.se\/wp-content\/uploads\/2026\/02\/20220528_175741-1-1536x1152.jpg 1536w, https:\/\/dronten.se\/wp-content\/uploads\/2026\/02\/20220528_175741-1-2048x1536.jpg 2048w, https:\/\/dronten.se\/wp-content\/uploads\/2026\/02\/20220528_175741-1-850x638.jpg 850w\" sizes=\"auto, (max-width: 1024px) 100vw, 1024px\" \/><\/figure>\n<\/figure>\n","protected":false},"excerpt":{"rendered":"<p>Upp till tolv personer kan f\u00e5 en trevlig upplevelse med glas i n\u00e5gra timmar. Uppl\u00e4gget kan vara som detta: Station 1; m\u00e5la och rita med glasf\u00e4rger p\u00e5 floatglasskivor d\u00e4r jag borrat h\u00e5l i h\u00f6rnen. Dessa skivor br\u00e4nns i k\u00f6ksugnen, s\u00e5 att de blir tavlor till brudparet\/jubilaren. Station 2; arbeta med frit, glaskross, i olika f\u00e4rger&#8230;.<\/p>\n","protected":false},"author":1,"featured_media":274,"parent":0,"menu_order":0,"comment_status":"closed","ping_status":"closed","template":"","meta":{"footnotes":""},"class_list":["post-106","page","type-page","status-publish","has-post-thumbnail","hentry"],"_links":{"self":[{"href":"https:\/\/dronten.se\/index.php\/wp-json\/wp\/v2\/pages\/106","targetHints":{"allow":["GET"]}}],"collection":[{"href":"https:\/\/dronten.se\/index.php\/wp-json\/wp\/v2\/pages"}],"about":[{"href":"https:\/\/dronten.se\/index.php\/wp-json\/wp\/v2\/types\/page"}],"author":[{"embeddable":true,"href":"https:\/\/dronten.se\/index.php\/wp-json\/wp\/v2\/users\/1"}],"replies":[{"embeddable":true,"href":"https:\/\/dronten.se\/index.php\/wp-json\/wp\/v2\/comments?post=106"}],"version-history":[{"count":2,"href":"https:\/\/dronten.se\/index.php\/wp-json\/wp\/v2\/pages\/106\/revisions"}],"predecessor-version":[{"id":264,"href":"https:\/\/dronten.se\/index.php\/wp-json\/wp\/v2\/pages\/106\/revisions\/264"}],"wp:featuredmedia":[{"embeddable":true,"href":"https:\/\/dronten.se\/index.php\/wp-json\/wp\/v2\/media\/274"}],"wp:attachment":[{"href":"https:\/\/dronten.se\/index.php\/wp-json\/wp\/v2\/media?parent=106"}],"curies":[{"name":"wp","href":"https:\/\/api.w.org\/{rel}","templated":true}]}}