{"id":121,"date":"2026-02-20T19:19:26","date_gmt":"2026-02-20T18:19:26","guid":{"rendered":"http:\/\/88.99.26.106\/~drontens\/ny\/index.php\/colibri-wp\/"},"modified":"2026-02-21T11:00:01","modified_gmt":"2026-02-21T10:00:01","slug":"colibri-wp","status":"publish","type":"page","link":"https:\/\/dronten.se\/","title":{"rendered":"Om oss"},"content":{"rendered":"\n<p>Tv\u00e5 entusiaster, kreat\u00f6rer, eldsj\u00e4lar startade i augusti 1997 ett f\u00f6retag.<br>Den stadiga grundstammen var v\u00e5ra IT-kurser.<br>Fr\u00e5n denna stam v\u00e4xte m\u00e5nga skott, en del stora, en del sm\u00e5.<br>En kombination av kunskaper, egenskaper och intressen<br>g\u00f6r att f\u00f6retaget frodas i sin blandform.<br>Id\u00e9er har vi gott om, utmaningar uppskattas.<\/p>\n\n\n\n<p>Janne och Anni<\/p>\n\n\n<div class=\"style-190 style-local-121-c1 position-relative\" data-colibri-id=\"121-c1\">\n<div id=\"overlappable\" class=\"h-section h-section-global-spacing d-flex align-items-lg-center align-items-md-center align-items-center style-191 style-local-121-c2 position-relative\" data-colibri-component=\"section\" data-colibri-id=\"121-c2\">\n<div class=\"h-section-grid-container h-section-boxed-container\">\n<div class=\"h-row-container gutters-row-lg-0 gutters-row-md-0 gutters-row-2 gutters-row-v-lg-0 gutters-row-v-md-0 gutters-row-v-2 style-192 style-local-121-c3 position-relative\" data-colibri-id=\"121-c3\">\n<div class=\"h-row justify-content-lg-center justify-content-md-center justify-content-center align-items-lg-stretch align-items-md-stretch align-items-stretch gutters-col-lg-0 gutters-col-md-0 gutters-col-2 gutters-col-v-lg-0 gutters-col-v-md-0 gutters-col-v-2\">\n<div class=\"h-column h-column-container d-flex h-col-lg-3 h-col-md-3 h-col-12 style-193-outer style-local-121-c4-outer\">\n<div class=\"d-flex h-flex-basis h-column__inner h-px-lg-3 h-px-md-3 h-px-2 v-inner-lg-3 v-inner-md-3 v-inner-2 style-193 style-local-121-c4 position-relative\" data-colibri-id=\"121-c4\">\n<div class=\"w-100 h-y-container h-column__content h-column__v-align flex-basis-100 align-self-lg-center align-self-md-center align-self-center\">\n<div class=\"h-icon style-194 style-local-121-c5 position-relative h-element\" data-colibri-id=\"121-c5\"><span class=\"h-svg-icon h-icon__icon style-194-icon style-local-121-c5-icon\"><!--Icon by Font Awesome (https:\/\/fontawesome.com)--><\/span><\/div>\n<div class=\"h-global-transition-all h-heading style-195 style-local-121-c6 position-relative h-element\" data-colibri-id=\"121-c6\"><img loading=\"lazy\" decoding=\"async\" class=\"alignnone  wp-image-270\" src=\"https:\/\/dronten.se\/wp-content\/uploads\/2026\/02\/Praktsmal-300x48.jpg\" alt=\"\" width=\"838\" height=\"134\" srcset=\"https:\/\/dronten.se\/wp-content\/uploads\/2026\/02\/Praktsmal-300x48.jpg 300w, https:\/\/dronten.se\/wp-content\/uploads\/2026\/02\/Praktsmal-1024x164.jpg 1024w, https:\/\/dronten.se\/wp-content\/uploads\/2026\/02\/Praktsmal-768x123.jpg 768w, https:\/\/dronten.se\/wp-content\/uploads\/2026\/02\/Praktsmal-1536x246.jpg 1536w, https:\/\/dronten.se\/wp-content\/uploads\/2026\/02\/Praktsmal-850x136.jpg 850w, https:\/\/dronten.se\/wp-content\/uploads\/2026\/02\/Praktsmal.jpg 1632w\" sizes=\"auto, (max-width: 838px) 100vw, 838px\" \/><\/div>\n<\/div>\n<\/div>\n<\/div>\n<\/div>\n<\/div>\n<\/div>\n<\/div>\n<div id=\"contact\" class=\"h-section h-section-global-spacing d-flex align-items-lg-center align-items-md-center align-items-center style-323 style-local-121-c245 position-relative\" data-colibri-component=\"section\" data-colibri-id=\"121-c245\">\n<div class=\"h-section-grid-container h-section-boxed-container\">\n<div class=\"h-row-container gutters-row-lg-2 gutters-row-md-2 gutters-row-2 gutters-row-v-lg-2 gutters-row-v-md-2 gutters-row-v-2 style-324 style-local-121-c246 position-relative\" data-colibri-id=\"121-c246\">\n<div class=\"h-row justify-content-lg-center justify-content-md-center justify-content-center align-items-lg-stretch align-items-md-stretch align-items-stretch gutters-col-lg-2 gutters-col-md-2 gutters-col-2 gutters-col-v-lg-2 gutters-col-v-md-2 gutters-col-v-2\">\n<div class=\"h-column h-column-container d-flex h-col-lg-auto h-col-md-auto h-col-auto style-325-outer style-local-121-c247-outer\">\n<div class=\"d-flex h-flex-basis h-column__inner h-px-lg-0 h-px-md-0 h-px-0 v-inner-lg-0 v-inner-md-0 v-inner-0 style-325 style-local-121-c247 position-relative\" data-colibri-id=\"121-c247\">\n<div class=\"w-100 h-y-container h-column__content h-column__v-align flex-basis-100 align-self-lg-start align-self-md-start align-self-start\">\n<div class=\"h-row-container gutters-row-lg-0 gutters-row-md-0 gutters-row-0 gutters-row-v-lg-0 gutters-row-v-md-0 gutters-row-v-0 style-326 style-local-121-c248 position-relative\" data-colibri-id=\"121-c248\">\n<div class=\"h-row justify-content-lg-center justify-content-md-center justify-content-center align-items-lg-stretch align-items-md-stretch align-items-stretch gutters-col-lg-0 gutters-col-md-0 gutters-col-0 gutters-col-v-lg-0 gutters-col-v-md-0 gutters-col-v-0\">\n<div class=\"h-column h-column-container d-flex h-col-lg-auto h-col-md-auto h-col-auto style-332-outer style-local-121-c254-outer\">\n<div class=\"d-flex h-flex-basis h-column__inner h-px-lg-0 h-px-md-0 h-px-0 v-inner-lg-0 v-inner-md-0 v-inner-0 style-332 style-local-121-c254 position-relative\" data-colibri-id=\"121-c254\">\n<div class=\"w-100 h-y-container h-column__content h-column__v-align flex-basis-100 align-self-lg-center align-self-md-center align-self-center\">\n<div class=\"style-333 style-local-121-c255 position-relative h-element\" data-colibri-id=\"121-c255\">\n<div class=\"h-global-transition-all h-contact-form-shortcode h-global-transition h-global-transition-all\">\n<p class=\"shortcode-placeholder-preview\">\u00a0<\/p>\n<\/div>\n<\/div>\n<\/div>\n<\/div>\n<\/div>\n<\/div>\n<\/div>\n<\/div>\n<\/div>\n<\/div>\n<\/div>\n<\/div>\n<\/div>\n<\/div>\n<\/div>\n\n\n<p><\/p>\n","protected":false},"excerpt":{"rendered":"<p>Tv\u00e5 entusiaster, kreat\u00f6rer, eldsj\u00e4lar startade i augusti 1997 ett f\u00f6retag.Den stadiga grundstammen var v\u00e5ra IT-kurser.Fr\u00e5n denna stam v\u00e4xte m\u00e5nga skott, en del stora, en del sm\u00e5.En kombination av kunskaper, egenskaper och intresseng\u00f6r att f\u00f6retaget frodas i sin blandform.Id\u00e9er har vi gott om, utmaningar uppskattas. Janne och Anni \u00a0<\/p>\n","protected":false},"author":1,"featured_media":0,"parent":0,"menu_order":0,"comment_status":"closed","ping_status":"closed","template":"page-templates\/homepage.php","meta":{"footnotes":""},"class_list":["post-121","page","type-page","status-publish","hentry"],"_links":{"self":[{"href":"https:\/\/dronten.se\/index.php\/wp-json\/wp\/v2\/pages\/121","targetHints":{"allow":["GET"]}}],"collection":[{"href":"https:\/\/dronten.se\/index.php\/wp-json\/wp\/v2\/pages"}],"about":[{"href":"https:\/\/dronten.se\/index.php\/wp-json\/wp\/v2\/types\/page"}],"author":[{"embeddable":true,"href":"https:\/\/dronten.se\/index.php\/wp-json\/wp\/v2\/users\/1"}],"replies":[{"embeddable":true,"href":"https:\/\/dronten.se\/index.php\/wp-json\/wp\/v2\/comments?post=121"}],"version-history":[{"count":7,"href":"https:\/\/dronten.se\/index.php\/wp-json\/wp\/v2\/pages\/121\/revisions"}],"predecessor-version":[{"id":273,"href":"https:\/\/dronten.se\/index.php\/wp-json\/wp\/v2\/pages\/121\/revisions\/273"}],"wp:attachment":[{"href":"https:\/\/dronten.se\/index.php\/wp-json\/wp\/v2\/media?parent=121"}],"curies":[{"name":"wp","href":"https:\/\/api.w.org\/{rel}","templated":true}]}}