{"id":176,"date":"2026-02-20T20:42:13","date_gmt":"2026-02-20T19:42:13","guid":{"rendered":"http:\/\/88.99.26.106\/~drontens\/ny\/?page_id=176"},"modified":"2026-02-22T18:44:41","modified_gmt":"2026-02-22T17:44:41","slug":"it-kurser","status":"publish","type":"page","link":"https:\/\/dronten.se\/index.php\/it-kurser\/","title":{"rendered":"Kurser inom internetteknik"},"content":{"rendered":"\n<p><br><\/p>\n\n\n\n<figure class=\"wp-block-image size-large\"><img loading=\"lazy\" decoding=\"async\" width=\"1024\" height=\"561\" src=\"https:\/\/dronten.se\/wp-content\/uploads\/2026\/02\/Natbild-1024x561.jpg\" alt=\"\" class=\"wp-image-275\" srcset=\"https:\/\/dronten.se\/wp-content\/uploads\/2026\/02\/Natbild-1024x561.jpg 1024w, https:\/\/dronten.se\/wp-content\/uploads\/2026\/02\/Natbild-300x164.jpg 300w, https:\/\/dronten.se\/wp-content\/uploads\/2026\/02\/Natbild-768x420.jpg 768w, https:\/\/dronten.se\/wp-content\/uploads\/2026\/02\/Natbild-1536x841.jpg 1536w, https:\/\/dronten.se\/wp-content\/uploads\/2026\/02\/Natbild-850x465.jpg 850w, https:\/\/dronten.se\/wp-content\/uploads\/2026\/02\/Natbild.jpg 1865w\" sizes=\"auto, (max-width: 1024px) 100vw, 1024px\" \/><\/figure>\n\n\n\n<p>Vi har l\u00e5ng erfarenhet av utbildning i Internetteknik. Vi har utbildat runt 6 000 n\u00f6jda kursdeltagare inom och utom landet.\u00a0<br>En kurs skall inte bara f\u00f6rmedla kunskap, det \u00e4r ocks\u00e5 viktigt att den utg\u00e5r fr\u00e5n deltagarna s\u00e5 att kursen ligger p\u00e5 r\u00e4tt niv\u00e5 och deltagarna erbjuds kunskap de kan ta till sig.<br>V\u00e5r popul\u00e4raste kurs <strong>TCP\/IP grundkurs<\/strong> har varit under st\u00e4ndig utveckling sedan starten 1993. Kursen \u00e4r en \u00f6versikt \u00f6ver protokollserien TCP\/IP som \u00e4r grundstenen f\u00f6r Internet. Andra kurser omfattar <strong>grundkunskap i n\u00e4tverksteknik<\/strong>, specialiserade kurser i <strong>n\u00e4tverksdesign<\/strong> med mera.<br><br>Vi l\u00e4gger ned stor energi p\u00e5 att ha en bra och tydlig kursdokumentation eftersom man ofta beh\u00f6ver friska upp minnet en tid efter genomg\u00e5ngen kurs. Dokumentationen inneh\u00e5ller b\u00e5de de bilder som visas och f\u00f6rklaringar. P\u00e5 varje sida finns dessutom plats f\u00f6r egna noteringar. F\u00f6rutom inneh\u00e5llsf\u00f6rteckningen finns oftast ett s\u00f6kordsregister d\u00e4r du hittar referenser till var i dokumentationen ordet f\u00f6rklaras.<br><br><strong>F\u00f6retag;<\/strong> Vi genomf\u00f6r g\u00e4rna kursen med anpassningar f\u00f6r era behov, antingen i era lokaler eller p\u00e5 annan plats. Det \u00e4r en f\u00f6rdel att inte h\u00e5lla till p\u00e5 kontoret eftersom kursdeltagarna d\u00e5 inte blir st\u00f6rda av daglig verksamhet.<br>P\u00e5 en f\u00f6retagsintern kurs kan man titta n\u00e4rmare p\u00e5 de egna f\u00f6ruts\u00e4ttningarna och behoven. Det \u00e4r ocks\u00e5 m\u00f6jligt att diskutera verkliga behov och problem utan att riskera att informationen l\u00e4cker ut till obeh\u00f6riga.<br>F\u00f6retagsinterna kurser \u00e4r kostnadseffektiva redan vid fyra-fem deltagare, j\u00e4mf\u00f6rt med att skicka medarbetarna p\u00e5 en \u00f6ppen kurs.<br>Bland v\u00e5ra n\u00f6jda kunder \u00e5terfinns Tullverket, Polisen, Svensk medicinteknisk f\u00f6rening, Telia, Ericsson och Nokia.<\/p>\n\n\n\n<p><br><strong>TCP\/IP Grundkurs:<\/strong><br>TCP\/IP grundkurs \u00e4r en tv\u00e5dagars \u00f6versikt \u00f6ver protokollserien TCP\/IP som \u00e4r grundstenen f\u00f6r Internet och den \u00f6verl\u00e4gset st\u00f6rsta delen av all datakommunikation idag.<br>Kursen v\u00e4nder sig till dig som vill veta mer om Internettekniken och hur det fungerar. Se kursprogrammet.<br><br><em>Kursprogram<\/em><br>Dag 1;<br>Inledning\/Grunder<br>&#8211; Timglasmodellen<br>&#8211; Internet och TCP\/IP<br>&#8211; Hur standardiseras TCP\/IP?<br>Funktionell \u00f6versikt<br>TCP\/IP skikt f\u00f6r skikt<br>Lokaln\u00e4tet<br>&#8211; LAN, repeater, brygga, hub och switch<br>&#8211; WLAN &#8211; tr\u00e5dl\u00f6st LAN<br>&#8211; WAN &#8211; Fj\u00e4rrn\u00e4tet<br>N\u00e4tskiktet<br>&#8211; IP-protokollet<br>&#8211; Tj\u00e4nster och funktioner<br>&#8211; IP-adressen<br>&#8211; Adressuppl\u00f6sning<br>&#8211; N\u00e4tadress och nodadress<br>&#8211; N\u00e4tmask och subnetting<br>&#8211; Att anv\u00e4nda privata adresser &#8211; NAT<br>&#8211; Fragmentering<br>Routing<br>&#8211; V\u00e4gval<br>&#8211; Routingprotokoll<br>N\u00e4tskiktets st\u00f6dtj\u00e4nster<br>&#8211; DNS<br>&#8211; DHCP<br>&#8211; Multicast<br>Dag 2;<br>Transportskiktet<br>&#8211; Sessionsfunktionalitet &#8211; port, socket &amp; connection<br>&#8211; UDP &#8211; g\u00e5r det s\u00e5 g\u00e5r det<br>&#8211; TCP &#8211; tillf\u00f6rlitlig data\u00f6verf\u00f6ring<br>&#8211; Kvittenser och fl\u00f6deskontroll<br>&#8211; RTP &#8211; realtidstransport<br>Applikationsskiktet<br>&#8211; Telnet &#8211; terminalhantering \u00f6ver n\u00e4tet<br>&#8211; FTP, TFTP &#8211; fil\u00f6verf\u00f6ring<br>&#8211; Elektronisk post &#8211; funktion, komponenter &amp; protokoll<br>&#8211; HTTP m fl &#8211; webben<br>&#8211; IPTV<br>\u00d6vervakning och fels\u00f6kning<br>&#8211; SNMP &#8211; \u00f6vervakning av n\u00e4t och funktioner<br>&#8211; Ping, Traceroute. NSLookup &amp; Ipconfig&nbsp;<br>S\u00e4kerhet i TCP\/IP<br>&#8211; Risker, angrepp &amp; skydd<br>&#8211; S\u00e4kerhetspolicy<br>&#8211; Brandv\u00e4ggar, IDS och DMZ<br>IPv6<br>&#8211; N\u00e4sta generations IP-protokoll<br><br><br><strong>Datakommunikation:<\/strong><br>Hur fungerar datorer och datakommunikation i lokala n\u00e4t? Detta \u00e4r kursen f\u00f6r nyb\u00f6rjaren som beh\u00f6ver en \u00f6versikt av tekniken och funktionerna utan att f\u00f6r den skull g\u00e5 vilse i detaljer. Kursen redog\u00f6r f\u00f6r datakommunikation ur ett funktionellt perspektiv och vilka komponenter som ing\u00e5r, vad dessa har f\u00f6r uppgift och hur de h\u00e4nger samman.<\/p>\n\n\n\n<p><em>Kursprogram;<\/em><br>Inledning<br>&#8211; N\u00e4r anv\u00e4nds datakommunikation?<br>&#8211; Kommunikation i sm\u00e5, medelstora och stora milj\u00f6er.<br>Standardisering och kommunikationsmodell<br>&#8211; Vad standardiseras?<br>&#8211; Kommunikation i skikt.<br>&#8211; TCP\/IPs kommunikationsmodell.<br>Kommunikation i blandade milj\u00f6er<br>&#8211; Informationens v\u00e4g genom n\u00e4tverket<br>Grundtekniker<br>&#8211; Kommunikationstyper, bit, byte &amp; tecken.<br>&#8211; Digital, analog, seriell &amp; parallell.<br>N\u00e4tverket<br>&#8211; Fastighetsn\u00e4tet<br>&#8211; Kabeltyper &#8211; TP, UTP, fiber&#8230;<br>Lokala n\u00e4t &#8211; LAN<br>&#8211; Funktion<br>&#8211; N\u00e4tkomponenter &#8211; Hub, Switch och Brygga<br>&#8211; Ethernet<br>Tr\u00e5dl\u00f6sa n\u00e4t &#8211; WLAN<br>&#8211; Funktion<br>&#8211; AP, antenner, n\u00e4tplanering<br>Fj\u00e4rrn\u00e4t &#8211; WAN<br>Sammankopplade n\u00e4t &#8211; N\u00e4tskiktet<br>&#8211; Routing<br>&#8211; Internet<br>N\u00e5gra exempel<br><br><strong>Referenser\/Omd\u00f6men<\/strong><br>Har hj\u00e4lpt mig att f\u00e5 begreppen inom \u00e4mnet lite klara, trots det abstrakta \u00e4mnet.<br>Mycket bra f\u00f6rel\u00e4sare, g\u00f6r \u00e4mnet intressant.<br>Jag tycker allt var lika bra och intressant. Det st\u00e4mmer mot vad jag ville ha.<br>Jag kunde t\u00e4ppa till de &#8221;svarta h\u00e5l&#8221; jag hade.<br>Mycket bra och l\u00e4rorikt. B\u00e4st var alla liknelser fr\u00e5n &#8221;riktiga livet&#8221;, vilket gjorde att jag f\u00f6rstod mycket mera<br>Mycket n\u00f6jd. Jag har f\u00e5tt mycket k\u00f6tt p\u00e5 benen p\u00e5 ett inte alltf\u00f6r tekniskt djupg\u00e5ende s\u00e4tt.<br>Mycket omfattande och detaljerat, p\u00e5 en \u00f6vergripande niv\u00e5.<br>Mycket bra f\u00f6redragsh\u00e5llare. Presenterade de olika avsnitten p\u00e5 ett pedagogiskt bra s\u00e4tt med inslag av humor p\u00e5 en bra niv\u00e5.<br>Bra \u00f6verblick och dokumentation. Pedagogisk kursledare och entusiastiskt bra p\u00e5 att f\u00f6rklara.<br>Kursen l\u00e5g lite \u00f6ver min niv\u00e5, men det var mycket l\u00e4rorikt.<br>Mycket information med m\u00e5nga f\u00f6rkortningar d\u00e4r jag sj\u00e4lv kan ta till mig information som jag har anv\u00e4ndning f\u00f6r. Kursen \u00e4r bra!<br>Janne \u00e4r mycket bra och f\u00f6rklarar bra.<br>Bra kursledare, kan konsten att prata med olika niv\u00e5er s\u00e5 att det blir intressant.<br>Jag har f\u00e5tt en bra f\u00f6rst\u00e5else, b\u00e4ttre \u00e4n jag v\u00e4ntat mig.<br>Kul kurs &#8211; snabb och effektiv. Skulle jag gl\u00f6mma n\u00e5got finns det i dokumentationen.<br>Jag har f\u00e5tt f\u00f6rst\u00e5else f\u00f6r vissa saker jag arbetar med!<br>Jag tycker allt var bra, inget b\u00e4ttre eller s\u00e4mre. Det som \u00e4r viktigt \u00e4r att det \u00e4r en grundkurs och att den niv\u00e5n h\u00e5lls hela tiden, vilket man lyckas med.<br>Lagom djup och bredd, mycket bra f\u00f6redragsh\u00e5llare. Engagerande framst\u00e4llning och bra exempel.<br>Otroligt att han fick med s\u00e5 mycket! Killens entusiasm \u00e4r s\u00e4llsynt.<br>Pedagogiskt upplagt, koncentration p\u00e5 v\u00e4sentligheter utan f\u00f6r mycket detaljer.<br>&#8221;Lagom&#8221; grundl\u00e4ggande niv\u00e5. Engagerad och engagerande f\u00f6rel\u00e4sare. Bra tempo.<br>Bra niv\u00e5, bra dokumentation och f\u00f6redragare. Vettig disposition av inneh\u00e5llet.<br>En smula l\u00e4tt f\u00f6r mig, men jag har knutit ihop de tr\u00e5dar jag ville ha ihopknutna.<br>Mycket bra! Man f\u00e5r b\u00e4ttre insikt i problematiken och och m\u00f6jligheterna.<br>Jag tycker jag har blivit v\u00e4l tillgodosedd med de f\u00f6rv\u00e4ntningar jag hade p\u00e5 kursen och de kompletterande kunskaper jag beh\u00f6vde.<br>Bra niv\u00e5 f\u00f6r mig. Janne tog hand om fr\u00e5gor p\u00e5 ett mycket bra s\u00e4tt och s\u00e4nkte niv\u00e5n f\u00f6r mig.<br>Tack Janne f\u00f6r en mycket bra kurs! Just nu k\u00e4nns vissa saker klarare och jag har insett mycket som jag inte tidigare kunde.<br>Bra dokumentation d\u00e4r man kan g\u00f6ra kompletterande anteckningar.<br>Jag tycker att kursen varit mycket bra och gett mig mycket. Janne var mycket bra som l\u00e4rare.<br>Intressant med h\u00e4nsyn till utvecklingen inom telefoni och m\u00f6jligheterna som finns med tekniken.<br>Mycket bra att man f\u00f6rst s\u00e5g helheten f\u00f6r att sedan g\u00e5 djupare i varje detalj.<br>Kursledaren var mycket bra och tydlig i sitt framf\u00f6rande.<br>Totalt en bra kurs. Fick en \u00f6verblick av TCP\/IP. Dag 2 f\u00f6rstod jag b\u00e4ttre.<br>Intressant. Duktig l\u00e4rare med mycket f\u00f6rkortningar och mycket teknik.<br>Gav f\u00f6rst\u00e5else f\u00f6r m\u00e5nga facktermer som hittills varit obegripliga.<br>Intensiv, mycket information. Jan \u00e4r mycket kunnig, engagerad och pedagogisk.<br>Jan \u00e4r mycket bra p\u00e5 att f\u00f6rklara det sv\u00e5ra och f\u00e5 det att verka enkelt.<br>Mycket information. M\u00e5nga nya begrepp och f\u00f6rkortningar. H\u00f6g ambition av l\u00e4raren.<br>Bra, pedagogisk, kunnig l\u00e4rare. Mycket bra med ytterligare information under overheadbilderna.<br>Utm\u00e4rkt, till synes v\u00e4lt\u00e4ckande. Synnerligen kunnig och engagerad f\u00f6rel\u00e4sare.<br>Jag fick (\u00e4ntligen) klart f\u00f6r mig hur n\u00e4tmask och subn\u00e4tmask fungerar.<br>Mycket bra! Kompakt med mycket information!<br>Mycket bra! R\u00e4tt niv\u00e5 f\u00f6r att vara en grundkurs.<\/p>\n","protected":false},"excerpt":{"rendered":"<p>Vi har l\u00e5ng erfarenhet av utbildning i Internetteknik. Vi har utbildat runt 6 000 n\u00f6jda kursdeltagare inom och utom landet.\u00a0En kurs skall inte bara f\u00f6rmedla kunskap, det \u00e4r ocks\u00e5 viktigt att den utg\u00e5r fr\u00e5n deltagarna s\u00e5 att kursen ligger p\u00e5 r\u00e4tt niv\u00e5 och deltagarna erbjuds kunskap de kan ta till sig.V\u00e5r popul\u00e4raste kurs TCP\/IP grundkurs&#8230;<\/p>\n","protected":false},"author":1,"featured_media":0,"parent":0,"menu_order":0,"comment_status":"closed","ping_status":"closed","template":"","meta":{"footnotes":""},"class_list":["post-176","page","type-page","status-publish","hentry"],"_links":{"self":[{"href":"https:\/\/dronten.se\/index.php\/wp-json\/wp\/v2\/pages\/176","targetHints":{"allow":["GET"]}}],"collection":[{"href":"https:\/\/dronten.se\/index.php\/wp-json\/wp\/v2\/pages"}],"about":[{"href":"https:\/\/dronten.se\/index.php\/wp-json\/wp\/v2\/types\/page"}],"author":[{"embeddable":true,"href":"https:\/\/dronten.se\/index.php\/wp-json\/wp\/v2\/users\/1"}],"replies":[{"embeddable":true,"href":"https:\/\/dronten.se\/index.php\/wp-json\/wp\/v2\/comments?post=176"}],"version-history":[{"count":4,"href":"https:\/\/dronten.se\/index.php\/wp-json\/wp\/v2\/pages\/176\/revisions"}],"predecessor-version":[{"id":276,"href":"https:\/\/dronten.se\/index.php\/wp-json\/wp\/v2\/pages\/176\/revisions\/276"}],"wp:attachment":[{"href":"https:\/\/dronten.se\/index.php\/wp-json\/wp\/v2\/media?parent=176"}],"curies":[{"name":"wp","href":"https:\/\/api.w.org\/{rel}","templated":true}]}}