{"id":182,"date":"2026-02-20T20:54:27","date_gmt":"2026-02-20T19:54:27","guid":{"rendered":"http:\/\/88.99.26.106\/~drontens\/ny\/?page_id=182"},"modified":"2026-02-22T18:45:23","modified_gmt":"2026-02-22T17:45:23","slug":"konsultuppdrag-inom-it-och-projektkoordination","status":"publish","type":"page","link":"https:\/\/dronten.se\/index.php\/konsultuppdrag-inom-it-och-projektkoordination\/","title":{"rendered":"Konsultuppdrag inom IT och projektkoordination"},"content":{"rendered":"\n<figure class=\"wp-block-image size-large\"><img loading=\"lazy\" decoding=\"async\" width=\"1024\" height=\"689\" src=\"https:\/\/dronten.se\/wp-content\/uploads\/2026\/02\/Konsult-1024x689.jpg\" alt=\"\" class=\"wp-image-277\" srcset=\"https:\/\/dronten.se\/wp-content\/uploads\/2026\/02\/Konsult-1024x689.jpg 1024w, https:\/\/dronten.se\/wp-content\/uploads\/2026\/02\/Konsult-300x202.jpg 300w, https:\/\/dronten.se\/wp-content\/uploads\/2026\/02\/Konsult-768x517.jpg 768w, https:\/\/dronten.se\/wp-content\/uploads\/2026\/02\/Konsult-850x572.jpg 850w, https:\/\/dronten.se\/wp-content\/uploads\/2026\/02\/Konsult.jpg 1195w\" sizes=\"auto, (max-width: 1024px) 100vw, 1024px\" \/><\/figure>\n\n\n\n<p>Vi \u00e5tar oss uppdrag inom IT-omr\u00e5det f\u00f6r projektledning, genomf\u00f6randekoordinering, kravst\u00e4llning, design, upphandling, inf\u00f6rande, dokumentation och kontroll\/besiktning.&nbsp;<br><br>Aktuella teknikomr\u00e5den \u00e4r IP-kommunikation, lokala n\u00e4tverk, Fiberoptiska n\u00e4t, Datorhallar, Presentationssystem, Fysisk s\u00e4kerhet (l\u00e5s, larm, bevakning), EMC, R\u00d6S- och TEMPEST.<\/p>\n\n\n\n<p><em>Exempel p\u00e5 uppdrag:<\/em><br>Sammanst\u00e4llning av systemdesign och installationsprinciper f\u00f6r lokala n\u00e4tverk i st\u00f6rre organisation med s\u00e4kerhetskrav.<br>Koordinering av flytt av ett flertal tekniska och s\u00e4kerhetssystem under p\u00e5g\u00e5ende drift inom en organisation med c:a 1 000 medarbetare.&nbsp;<br>Kravst\u00e4llning, upphandling och inf\u00f6rande av verksamhetsplats med EMC-skydd, fibern\u00e4t, s\u00e4kerhetssystem.<br>Genomlysning av krisberedskapsfunktion och ledningsrum p\u00e5 koncernstab och nationella huvudkontor.<br>S\u00e5rbarhetsanalys, teknisk status och systemutbyggnad nationellt mobilt meddelandesystem.<br>Systemdesign och uppbyggnad av nationellt kommunikationsn\u00e4t och ett antal lokalkontor.&nbsp;<\/p>\n","protected":false},"excerpt":{"rendered":"<p>Vi \u00e5tar oss uppdrag inom IT-omr\u00e5det f\u00f6r projektledning, genomf\u00f6randekoordinering, kravst\u00e4llning, design, upphandling, inf\u00f6rande, dokumentation och kontroll\/besiktning.&nbsp; Aktuella teknikomr\u00e5den \u00e4r IP-kommunikation, lokala n\u00e4tverk, Fiberoptiska n\u00e4t, Datorhallar, Presentationssystem, Fysisk s\u00e4kerhet (l\u00e5s, larm, bevakning), EMC, R\u00d6S- och TEMPEST. Exempel p\u00e5 uppdrag:Sammanst\u00e4llning av systemdesign och installationsprinciper f\u00f6r lokala n\u00e4tverk i st\u00f6rre organisation med s\u00e4kerhetskrav.Koordinering av flytt av ett flertal&#8230;<\/p>\n","protected":false},"author":1,"featured_media":0,"parent":0,"menu_order":0,"comment_status":"closed","ping_status":"closed","template":"","meta":{"footnotes":""},"class_list":["post-182","page","type-page","status-publish","hentry"],"_links":{"self":[{"href":"https:\/\/dronten.se\/index.php\/wp-json\/wp\/v2\/pages\/182","targetHints":{"allow":["GET"]}}],"collection":[{"href":"https:\/\/dronten.se\/index.php\/wp-json\/wp\/v2\/pages"}],"about":[{"href":"https:\/\/dronten.se\/index.php\/wp-json\/wp\/v2\/types\/page"}],"author":[{"embeddable":true,"href":"https:\/\/dronten.se\/index.php\/wp-json\/wp\/v2\/users\/1"}],"replies":[{"embeddable":true,"href":"https:\/\/dronten.se\/index.php\/wp-json\/wp\/v2\/comments?post=182"}],"version-history":[{"count":2,"href":"https:\/\/dronten.se\/index.php\/wp-json\/wp\/v2\/pages\/182\/revisions"}],"predecessor-version":[{"id":278,"href":"https:\/\/dronten.se\/index.php\/wp-json\/wp\/v2\/pages\/182\/revisions\/278"}],"wp:attachment":[{"href":"https:\/\/dronten.se\/index.php\/wp-json\/wp\/v2\/media?parent=182"}],"curies":[{"name":"wp","href":"https:\/\/api.w.org\/{rel}","templated":true}]}}