{"id":192,"date":"2026-02-20T21:03:28","date_gmt":"2026-02-20T20:03:28","guid":{"rendered":"http:\/\/88.99.26.106\/~drontens\/ny\/?page_id=192"},"modified":"2026-02-21T10:50:11","modified_gmt":"2026-02-21T09:50:11","slug":"utstallningar-mm","status":"publish","type":"page","link":"https:\/\/dronten.se\/index.php\/utstallningar-mm\/","title":{"rendered":"Utst\u00e4llningar mm"},"content":{"rendered":"\n<p><strong>Ink\u00f6pt av:<\/strong><br>Myndigheten f\u00f6r st\u00f6d till trossamfund<br>H\u00e4sselby konstf\u00f6rening<br>Vasakronans konstf\u00f6rening, Stockholm<br>Kulturf\u00f6reningen inom Kammarkollegiet, Stockholm<br>Wallin-Wahlbergs konstf\u00f6rening, Stockholm<br>Stockholms universitets konstf\u00f6rening<br>Sp\u00e5nga konstf\u00f6rening<\/p>\n\n\n\n<p><strong>Utst\u00e4llningar:<\/strong><br>V\u00e5rsalong V\u00e4llingby Folkets Hus &#8211; samlingsutst\u00e4llning 13-27 april 2019<br>Galleri 67, Stockholm, med Anne Andersson, Unni Disch, Eva Linden, Majlis Lindberg och Therese Amus Gidl\u00f6f, september 2018<br>V\u00e5rsalong, Sp\u00e5nga Konstf\u00f6rening maj 2017<br>Galleri 67, Stockholm, med Anne Andersson &amp; Unni Disch, september 2016<br>Konsthantverksdagen, Sp\u00e5nga Konstf\u00f6rening, november 2015<br>\u00c5keshofs Slottsbodar, Stockholm &#8211; julmarknad december 2014<br>Galleri Riddaren, Stockholm &#8211; Konststafetten, mars 2014<br>Galleri Riddaren, Stockholm &#8211; Konststafetten, mars 2013<br>Galleri \u00c4ngel, Stockholm &#8211; separatutst\u00e4llning, sept 2012<br>Galleri Riddaren, Stockholm &#8211; Konststafetten, mars 2012<br>H\u00e4sselby Villastads bibliotek &#8211; separatutst\u00e4llning i arr av H\u00e4sselby konstf\u00f6rening, februari 2012<br>Konsthantverksdagen, Sp\u00e5nga Konstf\u00f6rening december 2011<br>Galleri \u00c4ngel, Stockholm, med Yngve &amp; Lisbeth Hansson, akvarell, augusti 2011<br>Galleri Riddaren, Stockholm &#8211; separatutst\u00e4llning, april 2011<br>Konsthantverksdagen, Sp\u00e5nga Konstf\u00f6rening september 2010<br>Galleri \u00c4ngel, Stockholm &#8211; Konststafetten, mars 2010<br>Galleri \u00c4ngel, Stockholm &#8211; Konststafetten, mars 2009<br>Galleri \u00c4ngel, Stockholm &#8211; separatutst\u00e4llning, december 2008<br>Galleri \u00c4ngel, Stockholm &#8211; separatutst\u00e4llning, augusti 2008<br>Trappan, V\u00e4llingby &#8211; samlingsutst\u00e4llning dec 2007<br>Bogesunds slott, Vaxholm \u2013 julmarknad dec 2006<\/p>\n\n\n\n<p>\u00c5terf\u00f6rs\u00e4ljare\/samarbetspartners<br>Castor Konsthantverk, \u00d6sterl\u00e5nggatan 27 i Gamla Stan, Stockholm.<br>Ett hantverkarkollektiv med unika produkter.<\/p>\n","protected":false},"excerpt":{"rendered":"<p>Ink\u00f6pt av:Myndigheten f\u00f6r st\u00f6d till trossamfundH\u00e4sselby konstf\u00f6reningVasakronans konstf\u00f6rening, StockholmKulturf\u00f6reningen inom Kammarkollegiet, StockholmWallin-Wahlbergs konstf\u00f6rening, StockholmStockholms universitets konstf\u00f6reningSp\u00e5nga konstf\u00f6rening Utst\u00e4llningar:V\u00e5rsalong V\u00e4llingby Folkets Hus &#8211; samlingsutst\u00e4llning 13-27 april 2019Galleri 67, Stockholm, med Anne Andersson, Unni Disch, Eva Linden, Majlis Lindberg och Therese Amus Gidl\u00f6f, september 2018V\u00e5rsalong, Sp\u00e5nga Konstf\u00f6rening maj 2017Galleri 67, Stockholm, med Anne Andersson &amp; Unni Disch,&#8230;<\/p>\n","protected":false},"author":1,"featured_media":268,"parent":0,"menu_order":0,"comment_status":"closed","ping_status":"closed","template":"","meta":{"footnotes":""},"class_list":["post-192","page","type-page","status-publish","has-post-thumbnail","hentry"],"_links":{"self":[{"href":"https:\/\/dronten.se\/index.php\/wp-json\/wp\/v2\/pages\/192","targetHints":{"allow":["GET"]}}],"collection":[{"href":"https:\/\/dronten.se\/index.php\/wp-json\/wp\/v2\/pages"}],"about":[{"href":"https:\/\/dronten.se\/index.php\/wp-json\/wp\/v2\/types\/page"}],"author":[{"embeddable":true,"href":"https:\/\/dronten.se\/index.php\/wp-json\/wp\/v2\/users\/1"}],"replies":[{"embeddable":true,"href":"https:\/\/dronten.se\/index.php\/wp-json\/wp\/v2\/comments?post=192"}],"version-history":[{"count":1,"href":"https:\/\/dronten.se\/index.php\/wp-json\/wp\/v2\/pages\/192\/revisions"}],"predecessor-version":[{"id":194,"href":"https:\/\/dronten.se\/index.php\/wp-json\/wp\/v2\/pages\/192\/revisions\/194"}],"wp:featuredmedia":[{"embeddable":true,"href":"https:\/\/dronten.se\/index.php\/wp-json\/wp\/v2\/media\/268"}],"wp:attachment":[{"href":"https:\/\/dronten.se\/index.php\/wp-json\/wp\/v2\/media?parent=192"}],"curies":[{"name":"wp","href":"https:\/\/api.w.org\/{rel}","templated":true}]}}