{"id":86,"date":"2026-02-19T17:05:18","date_gmt":"2026-02-19T17:05:18","guid":{"rendered":"http:\/\/88.99.26.106\/~drontens\/ny\/?page_id=86"},"modified":"2026-02-21T10:42:51","modified_gmt":"2026-02-21T09:42:51","slug":"prova-pa-kurs-i-glasfusing","status":"publish","type":"page","link":"https:\/\/dronten.se\/index.php\/prova-pa-kurs-i-glasfusing\/","title":{"rendered":"Prova-p\u00e5-kurs i glasfusing"},"content":{"rendered":"\n<p>Under tre timmars skapande i glas f\u00e5r du l\u00e4ra dig skillnaden mellan olika glas och hur de kan kombineras f\u00f6r att skapa olika effekter.<br>Du skapar dina egna alster som sedan br\u00e4nns i glasugn och blir till halssmycken, ringar, \u00f6rh\u00e4ngen eller kanske kylsk\u00e5psmagneter.<br>Kursen h\u00e5lls i ett bl\u00e5tt lusthus i Solhem (gamla Sp\u00e5nga) och kostar 750:- per person. Fika ing\u00e5r. Under vintern h\u00e5lls kursen i huvudbyggnadens matsal.<br>Kontakta Anni p\u00e5 <a href=\"mailto:anni@dronten.se\">anni@dronten.se<\/a> f\u00f6r att best\u00e4mma ett datum om ni \u00e4r 2-4 personer.<br><br>Bilder fr\u00e5n tidigare kurser:<\/p>\n\n\n\n<figure class=\"wp-block-gallery has-nested-images columns-default is-cropped wp-block-gallery-1 is-layout-flex wp-block-gallery-is-layout-flex\">\n<figure class=\"wp-block-image size-large\"><img loading=\"lazy\" decoding=\"async\" width=\"1024\" height=\"768\" data-id=\"87\" src=\"https:\/\/dronten.se\/wp-content\/uploads\/2026\/02\/DSC00724-1024x768-1.jpg\" alt=\"\" class=\"wp-image-87\" srcset=\"https:\/\/dronten.se\/wp-content\/uploads\/2026\/02\/DSC00724-1024x768-1.jpg 1024w, https:\/\/dronten.se\/wp-content\/uploads\/2026\/02\/DSC00724-1024x768-1-300x225.jpg 300w, https:\/\/dronten.se\/wp-content\/uploads\/2026\/02\/DSC00724-1024x768-1-768x576.jpg 768w, https:\/\/dronten.se\/wp-content\/uploads\/2026\/02\/DSC00724-1024x768-1-850x638.jpg 850w\" sizes=\"auto, (max-width: 1024px) 100vw, 1024px\" \/><\/figure>\n\n\n\n<figure class=\"wp-block-image size-large\"><img loading=\"lazy\" decoding=\"async\" width=\"768\" height=\"1024\" data-id=\"91\" src=\"https:\/\/dronten.se\/wp-content\/uploads\/2026\/02\/DSC00725-768x1024.jpg\" alt=\"\" class=\"wp-image-91\" srcset=\"https:\/\/dronten.se\/wp-content\/uploads\/2026\/02\/DSC00725-768x1024.jpg 768w, https:\/\/dronten.se\/wp-content\/uploads\/2026\/02\/DSC00725-225x300.jpg 225w, https:\/\/dronten.se\/wp-content\/uploads\/2026\/02\/DSC00725-1152x1536.jpg 1152w, https:\/\/dronten.se\/wp-content\/uploads\/2026\/02\/DSC00725-1536x2048.jpg 1536w, https:\/\/dronten.se\/wp-content\/uploads\/2026\/02\/DSC00725-300x400.jpg 300w, https:\/\/dronten.se\/wp-content\/uploads\/2026\/02\/DSC00725-850x1133.jpg 850w, https:\/\/dronten.se\/wp-content\/uploads\/2026\/02\/DSC00725-scaled.jpg 1920w\" sizes=\"auto, (max-width: 768px) 100vw, 768px\" \/><\/figure>\n\n\n\n<figure class=\"wp-block-image size-large\"><img loading=\"lazy\" decoding=\"async\" width=\"768\" height=\"1024\" data-id=\"89\" src=\"https:\/\/dronten.se\/wp-content\/uploads\/2026\/02\/DSC00727-768x1024.jpg\" alt=\"\" class=\"wp-image-89\" srcset=\"https:\/\/dronten.se\/wp-content\/uploads\/2026\/02\/DSC00727-768x1024.jpg 768w, https:\/\/dronten.se\/wp-content\/uploads\/2026\/02\/DSC00727-225x300.jpg 225w, https:\/\/dronten.se\/wp-content\/uploads\/2026\/02\/DSC00727-1152x1536.jpg 1152w, https:\/\/dronten.se\/wp-content\/uploads\/2026\/02\/DSC00727-1536x2048.jpg 1536w, https:\/\/dronten.se\/wp-content\/uploads\/2026\/02\/DSC00727-300x400.jpg 300w, https:\/\/dronten.se\/wp-content\/uploads\/2026\/02\/DSC00727-850x1133.jpg 850w, https:\/\/dronten.se\/wp-content\/uploads\/2026\/02\/DSC00727-scaled.jpg 1920w\" sizes=\"auto, (max-width: 768px) 100vw, 768px\" \/><\/figure>\n\n\n\n<figure class=\"wp-block-image size-large\"><img loading=\"lazy\" decoding=\"async\" width=\"768\" height=\"1024\" data-id=\"90\" src=\"https:\/\/dronten.se\/wp-content\/uploads\/2026\/02\/DSC00728-768x1024.jpg\" alt=\"\" class=\"wp-image-90\" srcset=\"https:\/\/dronten.se\/wp-content\/uploads\/2026\/02\/DSC00728-768x1024.jpg 768w, https:\/\/dronten.se\/wp-content\/uploads\/2026\/02\/DSC00728-225x300.jpg 225w, https:\/\/dronten.se\/wp-content\/uploads\/2026\/02\/DSC00728-1152x1536.jpg 1152w, https:\/\/dronten.se\/wp-content\/uploads\/2026\/02\/DSC00728-1536x2048.jpg 1536w, https:\/\/dronten.se\/wp-content\/uploads\/2026\/02\/DSC00728-300x400.jpg 300w, https:\/\/dronten.se\/wp-content\/uploads\/2026\/02\/DSC00728-850x1133.jpg 850w, https:\/\/dronten.se\/wp-content\/uploads\/2026\/02\/DSC00728-scaled.jpg 1920w\" sizes=\"auto, (max-width: 768px) 100vw, 768px\" \/><\/figure>\n\n\n\n<figure class=\"wp-block-image size-large\"><img loading=\"lazy\" decoding=\"async\" width=\"1024\" height=\"774\" data-id=\"88\" src=\"https:\/\/dronten.se\/wp-content\/uploads\/2026\/02\/DSC02596-1280x967-1-1024x774.jpg\" alt=\"\" class=\"wp-image-88\" srcset=\"https:\/\/dronten.se\/wp-content\/uploads\/2026\/02\/DSC02596-1280x967-1-1024x774.jpg 1024w, https:\/\/dronten.se\/wp-content\/uploads\/2026\/02\/DSC02596-1280x967-1-300x227.jpg 300w, https:\/\/dronten.se\/wp-content\/uploads\/2026\/02\/DSC02596-1280x967-1-768x580.jpg 768w, https:\/\/dronten.se\/wp-content\/uploads\/2026\/02\/DSC02596-1280x967-1-850x642.jpg 850w, https:\/\/dronten.se\/wp-content\/uploads\/2026\/02\/DSC02596-1280x967-1.jpg 1280w\" sizes=\"auto, (max-width: 1024px) 100vw, 1024px\" \/><\/figure>\n\n\n\n<figure class=\"wp-block-image size-large\"><img loading=\"lazy\" decoding=\"async\" width=\"1024\" height=\"768\" data-id=\"92\" src=\"https:\/\/dronten.se\/wp-content\/uploads\/2026\/02\/DSC02785-1024x768.jpg\" alt=\"\" class=\"wp-image-92\" srcset=\"https:\/\/dronten.se\/wp-content\/uploads\/2026\/02\/DSC02785-1024x768.jpg 1024w, https:\/\/dronten.se\/wp-content\/uploads\/2026\/02\/DSC02785-300x225.jpg 300w, https:\/\/dronten.se\/wp-content\/uploads\/2026\/02\/DSC02785-768x576.jpg 768w, https:\/\/dronten.se\/wp-content\/uploads\/2026\/02\/DSC02785-1536x1152.jpg 1536w, https:\/\/dronten.se\/wp-content\/uploads\/2026\/02\/DSC02785-2048x1536.jpg 2048w, https:\/\/dronten.se\/wp-content\/uploads\/2026\/02\/DSC02785-850x638.jpg 850w\" sizes=\"auto, (max-width: 1024px) 100vw, 1024px\" \/><\/figure>\n\n\n\n<figure class=\"wp-block-image size-large\"><img loading=\"lazy\" decoding=\"async\" width=\"768\" height=\"1024\" data-id=\"93\" src=\"https:\/\/dronten.se\/wp-content\/uploads\/2026\/02\/DSC03537-768x1024-1.jpg\" alt=\"\" class=\"wp-image-93\" srcset=\"https:\/\/dronten.se\/wp-content\/uploads\/2026\/02\/DSC03537-768x1024-1.jpg 768w, https:\/\/dronten.se\/wp-content\/uploads\/2026\/02\/DSC03537-768x1024-1-225x300.jpg 225w, https:\/\/dronten.se\/wp-content\/uploads\/2026\/02\/DSC03537-768x1024-1-300x400.jpg 300w\" sizes=\"auto, (max-width: 768px) 100vw, 768px\" \/><figcaption class=\"wp-element-caption\">Uppdukat i lusthuset<\/figcaption><\/figure>\n\n\n\n<figure class=\"wp-block-image size-large\"><img loading=\"lazy\" decoding=\"async\" width=\"768\" height=\"1024\" data-id=\"95\" src=\"https:\/\/dronten.se\/wp-content\/uploads\/2026\/02\/DSC04878-768x1024.jpg\" alt=\"\" class=\"wp-image-95\" srcset=\"https:\/\/dronten.se\/wp-content\/uploads\/2026\/02\/DSC04878-768x1024.jpg 768w, https:\/\/dronten.se\/wp-content\/uploads\/2026\/02\/DSC04878-225x300.jpg 225w, https:\/\/dronten.se\/wp-content\/uploads\/2026\/02\/DSC04878-1152x1536.jpg 1152w, https:\/\/dronten.se\/wp-content\/uploads\/2026\/02\/DSC04878-1536x2048.jpg 1536w, https:\/\/dronten.se\/wp-content\/uploads\/2026\/02\/DSC04878-300x400.jpg 300w, https:\/\/dronten.se\/wp-content\/uploads\/2026\/02\/DSC04878-850x1133.jpg 850w, https:\/\/dronten.se\/wp-content\/uploads\/2026\/02\/DSC04878-scaled.jpg 1920w\" sizes=\"auto, (max-width: 768px) 100vw, 768px\" \/><\/figure>\n\n\n\n<figure class=\"wp-block-image size-large\"><img loading=\"lazy\" decoding=\"async\" width=\"1024\" height=\"768\" data-id=\"94\" src=\"https:\/\/dronten.se\/wp-content\/uploads\/2026\/02\/DSC05148-1024x768-1.jpg\" alt=\"\" class=\"wp-image-94\" srcset=\"https:\/\/dronten.se\/wp-content\/uploads\/2026\/02\/DSC05148-1024x768-1.jpg 1024w, https:\/\/dronten.se\/wp-content\/uploads\/2026\/02\/DSC05148-1024x768-1-300x225.jpg 300w, https:\/\/dronten.se\/wp-content\/uploads\/2026\/02\/DSC05148-1024x768-1-768x576.jpg 768w, https:\/\/dronten.se\/wp-content\/uploads\/2026\/02\/DSC05148-1024x768-1-850x638.jpg 850w\" sizes=\"auto, (max-width: 1024px) 100vw, 1024px\" \/><figcaption class=\"wp-element-caption\">F\u00f6re-bild<\/figcaption><\/figure>\n\n\n\n<figure class=\"wp-block-image size-large\"><img loading=\"lazy\" decoding=\"async\" width=\"1024\" height=\"768\" data-id=\"96\" src=\"https:\/\/dronten.se\/wp-content\/uploads\/2026\/02\/DSC05149-1024x768-1.jpg\" alt=\"\" class=\"wp-image-96\" srcset=\"https:\/\/dronten.se\/wp-content\/uploads\/2026\/02\/DSC05149-1024x768-1.jpg 1024w, https:\/\/dronten.se\/wp-content\/uploads\/2026\/02\/DSC05149-1024x768-1-300x225.jpg 300w, https:\/\/dronten.se\/wp-content\/uploads\/2026\/02\/DSC05149-1024x768-1-768x576.jpg 768w, https:\/\/dronten.se\/wp-content\/uploads\/2026\/02\/DSC05149-1024x768-1-850x638.jpg 850w\" sizes=\"auto, (max-width: 1024px) 100vw, 1024px\" \/><figcaption class=\"wp-element-caption\">F\u00f6re-bild<\/figcaption><\/figure>\n\n\n\n<figure class=\"wp-block-image size-large\"><img loading=\"lazy\" decoding=\"async\" width=\"1024\" height=\"768\" data-id=\"97\" src=\"https:\/\/dronten.se\/wp-content\/uploads\/2026\/02\/DSC05545-1024x768-1.jpg\" alt=\"\" class=\"wp-image-97\" srcset=\"https:\/\/dronten.se\/wp-content\/uploads\/2026\/02\/DSC05545-1024x768-1.jpg 1024w, https:\/\/dronten.se\/wp-content\/uploads\/2026\/02\/DSC05545-1024x768-1-300x225.jpg 300w, https:\/\/dronten.se\/wp-content\/uploads\/2026\/02\/DSC05545-1024x768-1-768x576.jpg 768w, https:\/\/dronten.se\/wp-content\/uploads\/2026\/02\/DSC05545-1024x768-1-850x638.jpg 850w\" sizes=\"auto, (max-width: 1024px) 100vw, 1024px\" \/><figcaption class=\"wp-element-caption\">Efter-bild<\/figcaption><\/figure>\n\n\n\n<figure class=\"wp-block-image size-large\"><img loading=\"lazy\" decoding=\"async\" width=\"1024\" height=\"768\" data-id=\"98\" src=\"https:\/\/dronten.se\/wp-content\/uploads\/2026\/02\/DSC05546-1024x768-1.jpg\" alt=\"\" class=\"wp-image-98\" srcset=\"https:\/\/dronten.se\/wp-content\/uploads\/2026\/02\/DSC05546-1024x768-1.jpg 1024w, https:\/\/dronten.se\/wp-content\/uploads\/2026\/02\/DSC05546-1024x768-1-300x225.jpg 300w, https:\/\/dronten.se\/wp-content\/uploads\/2026\/02\/DSC05546-1024x768-1-768x576.jpg 768w, https:\/\/dronten.se\/wp-content\/uploads\/2026\/02\/DSC05546-1024x768-1-850x638.jpg 850w\" sizes=\"auto, (max-width: 1024px) 100vw, 1024px\" \/><figcaption class=\"wp-element-caption\">Efter-bild<\/figcaption><\/figure>\n\n\n\n<figure class=\"wp-block-image size-large\"><img loading=\"lazy\" decoding=\"async\" width=\"1024\" height=\"768\" data-id=\"99\" src=\"https:\/\/dronten.se\/wp-content\/uploads\/2026\/02\/DSC07443-1024x768.jpg\" alt=\"\" class=\"wp-image-99\" srcset=\"https:\/\/dronten.se\/wp-content\/uploads\/2026\/02\/DSC07443-1024x768.jpg 1024w, https:\/\/dronten.se\/wp-content\/uploads\/2026\/02\/DSC07443-300x225.jpg 300w, https:\/\/dronten.se\/wp-content\/uploads\/2026\/02\/DSC07443-768x576.jpg 768w, https:\/\/dronten.se\/wp-content\/uploads\/2026\/02\/DSC07443-1536x1152.jpg 1536w, https:\/\/dronten.se\/wp-content\/uploads\/2026\/02\/DSC07443-2048x1536.jpg 2048w, https:\/\/dronten.se\/wp-content\/uploads\/2026\/02\/DSC07443-850x638.jpg 850w\" sizes=\"auto, (max-width: 1024px) 100vw, 1024px\" \/><\/figure>\n\n\n\n<figure class=\"wp-block-image size-large\"><img loading=\"lazy\" decoding=\"async\" width=\"768\" height=\"1024\" data-id=\"100\" src=\"https:\/\/dronten.se\/wp-content\/uploads\/2026\/02\/DSC09499-768x1024.jpg\" alt=\"\" class=\"wp-image-100\" srcset=\"https:\/\/dronten.se\/wp-content\/uploads\/2026\/02\/DSC09499-768x1024.jpg 768w, https:\/\/dronten.se\/wp-content\/uploads\/2026\/02\/DSC09499-225x300.jpg 225w, https:\/\/dronten.se\/wp-content\/uploads\/2026\/02\/DSC09499-1152x1536.jpg 1152w, https:\/\/dronten.se\/wp-content\/uploads\/2026\/02\/DSC09499-1536x2048.jpg 1536w, https:\/\/dronten.se\/wp-content\/uploads\/2026\/02\/DSC09499-300x400.jpg 300w, https:\/\/dronten.se\/wp-content\/uploads\/2026\/02\/DSC09499-850x1133.jpg 850w, https:\/\/dronten.se\/wp-content\/uploads\/2026\/02\/DSC09499-scaled.jpg 1920w\" sizes=\"auto, (max-width: 768px) 100vw, 768px\" \/><figcaption class=\"wp-element-caption\">Uppdukat i matsalen<\/figcaption><\/figure>\n<\/figure>\n","protected":false},"excerpt":{"rendered":"<p>Under tre timmars skapande i glas f\u00e5r du l\u00e4ra dig skillnaden mellan olika glas och hur de kan kombineras f\u00f6r att skapa olika effekter.Du skapar dina egna alster som sedan br\u00e4nns i glasugn och blir till halssmycken, ringar, \u00f6rh\u00e4ngen eller kanske kylsk\u00e5psmagneter.Kursen h\u00e5lls i ett bl\u00e5tt lusthus i Solhem (gamla Sp\u00e5nga) och kostar 750:- per&#8230;<\/p>\n","protected":false},"author":1,"featured_media":92,"parent":0,"menu_order":0,"comment_status":"closed","ping_status":"closed","template":"","meta":{"footnotes":""},"class_list":["post-86","page","type-page","status-publish","has-post-thumbnail","hentry"],"_links":{"self":[{"href":"https:\/\/dronten.se\/index.php\/wp-json\/wp\/v2\/pages\/86","targetHints":{"allow":["GET"]}}],"collection":[{"href":"https:\/\/dronten.se\/index.php\/wp-json\/wp\/v2\/pages"}],"about":[{"href":"https:\/\/dronten.se\/index.php\/wp-json\/wp\/v2\/types\/page"}],"author":[{"embeddable":true,"href":"https:\/\/dronten.se\/index.php\/wp-json\/wp\/v2\/users\/1"}],"replies":[{"embeddable":true,"href":"https:\/\/dronten.se\/index.php\/wp-json\/wp\/v2\/comments?post=86"}],"version-history":[{"count":1,"href":"https:\/\/dronten.se\/index.php\/wp-json\/wp\/v2\/pages\/86\/revisions"}],"predecessor-version":[{"id":101,"href":"https:\/\/dronten.se\/index.php\/wp-json\/wp\/v2\/pages\/86\/revisions\/101"}],"wp:featuredmedia":[{"embeddable":true,"href":"https:\/\/dronten.se\/index.php\/wp-json\/wp\/v2\/media\/92"}],"wp:attachment":[{"href":"https:\/\/dronten.se\/index.php\/wp-json\/wp\/v2\/media?parent=86"}],"curies":[{"name":"wp","href":"https:\/\/api.w.org\/{rel}","templated":true}]}}